{"id":2,"date":"2022-11-06T12:46:48","date_gmt":"2022-11-06T12:46:48","guid":{"rendered":"https:\/\/honig.hornemann.ch\/?page_id=2"},"modified":"2022-11-20T23:04:13","modified_gmt":"2022-11-20T23:04:13","slug":"sample-page","status":"publish","type":"page","link":"https:\/\/honig.hornemann.ch\/","title":{"rendered":"HONIG"},"content":{"rendered":"\n<figure class=\"wp-block-gallery has-nested-images columns-4 is-cropped wp-block-gallery-1 is-layout-flex wp-block-gallery-is-layout-flex\">\n<figure class=\"wp-block-image size-large\"><img loading=\"lazy\" decoding=\"async\" width=\"850\" height=\"1024\" data-id=\"43\" src=\"https:\/\/honig.hornemann.ch\/wp-content\/uploads\/2022\/11\/IMG_20221110_220520-850x1024.jpg\" alt=\"\" class=\"wp-image-43\" srcset=\"https:\/\/honig.hornemann.ch\/wp-content\/uploads\/2022\/11\/IMG_20221110_220520-850x1024.jpg 850w, https:\/\/honig.hornemann.ch\/wp-content\/uploads\/2022\/11\/IMG_20221110_220520-249x300.jpg 249w, https:\/\/honig.hornemann.ch\/wp-content\/uploads\/2022\/11\/IMG_20221110_220520-768x925.jpg 768w, https:\/\/honig.hornemann.ch\/wp-content\/uploads\/2022\/11\/IMG_20221110_220520-1275x1536.jpg 1275w, https:\/\/honig.hornemann.ch\/wp-content\/uploads\/2022\/11\/IMG_20221110_220520-1700x2048.jpg 1700w, https:\/\/honig.hornemann.ch\/wp-content\/uploads\/2022\/11\/IMG_20221110_220520.jpg 1970w\" sizes=\"auto, (max-width: 767px) 89vw, (max-width: 1000px) 54vw, (max-width: 1071px) 543px, 580px\" \/><figcaption class=\"wp-element-caption\"><strong>Sommerhonig<\/strong><br><strong>500g<br>20.- CHF<\/strong><\/figcaption><\/figure>\n\n\n\n<figure class=\"wp-block-image size-large\"><img decoding=\"async\" data-id=\"45\" src=\"https:\/\/honig.hornemann.ch\/wp-content\/uploads\/2022\/11\/IMG_20221110_221033-860x1024.jpg\" alt=\"\" class=\"wp-image-45\"\/><figcaption class=\"wp-element-caption\"><br><strong>Fr\u00fchlingshonig<\/strong><br><strong>500g<\/strong><br><strong>20.- CHF<\/strong><\/figcaption><\/figure>\n\n\n\n<figure class=\"wp-block-image size-large\"><img loading=\"lazy\" decoding=\"async\" width=\"783\" height=\"1024\" data-id=\"44\" src=\"https:\/\/honig.hornemann.ch\/wp-content\/uploads\/2022\/11\/IMG_20221110_220547-783x1024.jpg\" alt=\"\" class=\"wp-image-44\" srcset=\"https:\/\/honig.hornemann.ch\/wp-content\/uploads\/2022\/11\/IMG_20221110_220547-783x1024.jpg 783w, https:\/\/honig.hornemann.ch\/wp-content\/uploads\/2022\/11\/IMG_20221110_220547-229x300.jpg 229w, https:\/\/honig.hornemann.ch\/wp-content\/uploads\/2022\/11\/IMG_20221110_220547-768x1004.jpg 768w, https:\/\/honig.hornemann.ch\/wp-content\/uploads\/2022\/11\/IMG_20221110_220547-1174x1536.jpg 1174w, https:\/\/honig.hornemann.ch\/wp-content\/uploads\/2022\/11\/IMG_20221110_220547-1566x2048.jpg 1566w, https:\/\/honig.hornemann.ch\/wp-content\/uploads\/2022\/11\/IMG_20221110_220547-scaled.jpg 1957w\" sizes=\"auto, (max-width: 767px) 89vw, (max-width: 1000px) 54vw, (max-width: 1071px) 543px, 580px\" \/><figcaption class=\"wp-element-caption\"><strong>Sommerhonig<\/strong><br><strong>300g<br>15.- CHF<\/strong><\/figcaption><\/figure>\n\n\n\n<figure class=\"wp-block-image size-large\"><img loading=\"lazy\" decoding=\"async\" width=\"755\" height=\"1024\" data-id=\"46\" src=\"https:\/\/honig.hornemann.ch\/wp-content\/uploads\/2022\/11\/IMG_20221110_221106-755x1024.jpg\" alt=\"\" class=\"wp-image-46\" srcset=\"https:\/\/honig.hornemann.ch\/wp-content\/uploads\/2022\/11\/IMG_20221110_221106-755x1024.jpg 755w, https:\/\/honig.hornemann.ch\/wp-content\/uploads\/2022\/11\/IMG_20221110_221106-221x300.jpg 221w, https:\/\/honig.hornemann.ch\/wp-content\/uploads\/2022\/11\/IMG_20221110_221106-768x1042.jpg 768w, https:\/\/honig.hornemann.ch\/wp-content\/uploads\/2022\/11\/IMG_20221110_221106-1132x1536.jpg 1132w, https:\/\/honig.hornemann.ch\/wp-content\/uploads\/2022\/11\/IMG_20221110_221106-1510x2048.jpg 1510w, https:\/\/honig.hornemann.ch\/wp-content\/uploads\/2022\/11\/IMG_20221110_221106.jpg 1840w\" sizes=\"auto, (max-width: 706px) 89vw, (max-width: 767px) 82vw, 740px\" \/><figcaption class=\"wp-element-caption\"><strong>Fr\u00fchlingshonig<\/strong><br><strong>300g<br>15.- CHF<\/strong><\/figcaption><\/figure>\n<\/figure>\n\n\n\n<p><strong>Fr\u00fchlingshonig:<\/strong> cremig und leicht kristallin<\/p>\n\n\n\n<p><strong>Sommerhonig:<\/strong> goldbraun und visk\u00f6s <\/p>\n\n\n\n<p><strong>Lecker sind beide !!<\/strong><\/p>\n\n\n<div class=\"frm_forms  with_frm_style frm_style_formidable-style\" id=\"frm_form_1_container\" >\n<form enctype=\"multipart\/form-data\" method=\"post\" class=\"frm-show-form \" id=\"form_contact-form\" >\n<div class=\"frm_form_fields \">\n<fieldset>\n<legend class=\"frm_screen_reader\">Bestellen<\/legend>\r\n\r\n<div class=\"frm_fields_container\">\n<input type=\"hidden\" name=\"frm_action\" value=\"create\" \/>\n<input type=\"hidden\" name=\"form_id\" value=\"1\" \/>\n<input type=\"hidden\" name=\"frm_hide_fields_1\" id=\"frm_hide_fields_1\" value=\"\" \/>\n<input type=\"hidden\" name=\"form_key\" value=\"contact-form\" \/>\n<input type=\"hidden\" name=\"item_meta[0]\" value=\"\" \/>\n<input type=\"hidden\" id=\"frm_submit_entry_1\" name=\"frm_submit_entry_1\" value=\"23693280f6\" \/><input type=\"hidden\" name=\"_wp_http_referer\" value=\"\/index.php?rest_route=%2Fwp%2Fv2%2Fpages%2F2\" \/><div id=\"frm_field_6_container\" class=\"frm_form_field form-field  frm_top_container frm6 frm_first vertical_radio\">\r\n    <div  id=\"field_r1kmi_label\" class=\"frm_primary_label\">Auswahl\r\n        <span class=\"frm_required\" aria-hidden=\"true\"><\/span>\r\n    <\/div>\r\n    <div class=\"frm_opt_container\" aria-labelledby=\"field_r1kmi_label\" role=\"group\">\t\t<div class=\"frm_checkbox\" id=\"frm_checkbox_6-0\">\t\t\t<label  for=\"field_r1kmi-0\">\n\t\t\t<input type=\"checkbox\" name=\"item_meta[6][]\" id=\"field_r1kmi-0\" value=\"Fr\u00fchlingshonig - 300g (15.- CHF)\"  data-invmsg=\"Auswahl ist ung\u00fcltig\" aria-invalid=\"false\"   \/> Fr\u00fchlingshonig &#8211; 300g (15.- CHF)<\/label><\/div>\n\t\t<div class=\"frm_checkbox\" id=\"frm_checkbox_6-1\">\t\t\t<label  for=\"field_r1kmi-1\">\n\t\t\t<input type=\"checkbox\" name=\"item_meta[6][]\" id=\"field_r1kmi-1\" value=\"Sommerhonig - 300g (15.- CHF)\"  data-invmsg=\"Auswahl ist ung\u00fcltig\" aria-invalid=\"false\"   \/> Sommerhonig &#8211; 300g (15.- CHF)<\/label><\/div>\n\t\t<div class=\"frm_checkbox\" id=\"frm_checkbox_6-4\">\t\t\t<label  for=\"field_r1kmi-4\">\n\t\t\t<input type=\"checkbox\" name=\"item_meta[6][]\" id=\"field_r1kmi-4\" value=\"Fr\u00fchlingshonig - 500g (20.- CHF)\"  data-invmsg=\"Auswahl ist ung\u00fcltig\" aria-invalid=\"false\"   \/> Fr\u00fchlingshonig &#8211; 500g (20.- CHF)<\/label><\/div>\n\t\t<div class=\"frm_checkbox\" id=\"frm_checkbox_6-3\">\t\t\t<label  for=\"field_r1kmi-3\">\n\t\t\t<input type=\"checkbox\" name=\"item_meta[6][]\" id=\"field_r1kmi-3\" value=\"Sommerhonig - 500g (20.- CHF)\"  data-invmsg=\"Auswahl ist ung\u00fcltig\" aria-invalid=\"false\"   \/> Sommerhonig &#8211; 500g (20.- CHF)<\/label><\/div>\n<\/div>\r\n    \r\n    \r\n<\/div>\n<div id=\"frm_field_11_container\" class=\"frm_form_field form-field  frm_required_field frm_top_container frm6 vertical_radio\">\r\n    <div  id=\"field_jzuz9_label\" class=\"frm_primary_label\">Bezahlung\r\n        <span class=\"frm_required\" aria-hidden=\"true\">*<\/span>\r\n    <\/div>\r\n    <div class=\"frm_opt_container\" aria-labelledby=\"field_jzuz9_label\" role=\"group\">\t\t<div class=\"frm_checkbox\" id=\"frm_checkbox_11-0\">\t\t\t<label  for=\"field_jzuz9-0\">\n\t\t\t<input type=\"checkbox\" name=\"item_meta[11][]\" id=\"field_jzuz9-0\" value=\"Ich habe Twint\"  data-reqmsg=\"Dieses Feld darf nicht leer sein.\" data-invmsg=\"Bezahlung ist ung\u00fcltig\" aria-invalid=\"false\"   aria-required=\"true\"  \/> Ich habe Twint<\/label><\/div>\n\t\t<div class=\"frm_checkbox\" id=\"frm_checkbox_11-1\">\t\t\t<label  for=\"field_jzuz9-1\">\n\t\t\t<input type=\"checkbox\" name=\"item_meta[11][]\" id=\"field_jzuz9-1\" value=\"Ich zahle bar\"  data-reqmsg=\"Dieses Feld darf nicht leer sein.\" data-invmsg=\"Bezahlung ist ung\u00fcltig\" aria-invalid=\"false\"   \/> Ich zahle bar<\/label><\/div>\n<\/div>\r\n    \r\n    \r\n<\/div>\n<div id=\"frm_field_1_container\" class=\"frm_form_field form-field  frm_required_field frm_top_container frm6 frm_first\">\r\n    <label for=\"field_qh4icy\" id=\"field_qh4icy_label\" class=\"frm_primary_label\">Name\r\n        <span class=\"frm_required\" aria-hidden=\"true\">*<\/span>\r\n    <\/label>\r\n    <input type=\"text\" id=\"field_qh4icy\" name=\"item_meta[1]\" value=\"\"  data-reqmsg=\"Dieses Feld darf nicht leer sein.\" aria-required=\"true\" data-invmsg=\"Name ist ung\u00fcltig\" aria-invalid=\"false\"  \/>\r\n    \r\n    \r\n<\/div>\n<div id=\"frm_field_3_container\" class=\"frm_form_field form-field  frm_required_field frm_top_container frm6\">\r\n    <label for=\"field_29yf4d\" id=\"field_29yf4d_label\" class=\"frm_primary_label\">Email\r\n        <span class=\"frm_required\" aria-hidden=\"true\">*<\/span>\r\n    <\/label>\r\n    <input type=\"email\" id=\"field_29yf4d\" name=\"item_meta[3]\" value=\"\"  data-reqmsg=\"Dieses Feld darf nicht leer sein.\" aria-required=\"true\" data-invmsg=\"Please enter a valid email address\" aria-invalid=\"false\"  \/>\r\n    \r\n    \r\n<\/div>\n<div id=\"frm_field_9_container\" class=\"frm_form_field form-field  frm_required_field frm_top_container frm_half\">\r\n    <label for=\"field_uxqbn\" id=\"field_uxqbn_label\" class=\"frm_primary_label\">Telefon\r\n        <span class=\"frm_required\" aria-hidden=\"true\">*<\/span>\r\n    <\/label>\r\n    <input type=\"tel\" id=\"field_uxqbn\" name=\"item_meta[9]\" value=\"\"  data-reqmsg=\"Dieses Feld darf nicht leer sein.\" aria-required=\"true\" data-invmsg=\"Telefon ist ung\u00fcltig\" aria-invalid=\"false\" pattern=\"((\\+\\d{1,3}(-|.| )?\\(?\\d\\)?(-| |.)?\\d{1,5})|(\\(?\\d{2,6}\\)?))(-|.| )?(\\d{3,4})(-|.| )?(\\d{4})(( x| ext)\\d{1,5}){0,1}$\"  \/>\r\n    \r\n    \r\n<\/div>\n<div id=\"frm_field_10_container\" class=\"frm_form_field form-field  frm_top_container frm_half\">\r\n    <label for=\"field_jtgfk\" id=\"field_jtgfk_label\" class=\"frm_primary_label\">Adresse\r\n        <span class=\"frm_required\" aria-hidden=\"true\"><\/span>\r\n    <\/label>\r\n    <input type=\"text\" id=\"field_jtgfk\" name=\"item_meta[10]\" value=\"\"  data-invmsg=\"Adresse ist ung\u00fcltig\" aria-invalid=\"false\"  \/>\r\n    \r\n    \r\n<\/div>\n\t<input type=\"hidden\" name=\"item_key\" value=\"\" \/>\n\t\t\t\t<div class=\"frm__67ab79f833356\">\n\t\t\t\t<label for=\"frm_email_1\" >\n\t\t\t\t\tFalls Du menschlich bist, lasse dieses Feld leer.\t\t\t\t<\/label>\n\t\t\t\t<input  id=\"frm_email_1\" type=\"text\" class=\"frm_verify\" name=\"frm__67ab79f833356\" value=\"\" autocomplete=\"off\"  \/>\n\t\t\t<\/div>\n\t\t<div class=\"frm_submit\">\r\n\r\n<button class=\"frm_button_submit\" type=\"submit\"  >Senden<\/button>\r\n\r\n\r\n<\/div><\/div>\n<\/fieldset>\n<\/div>\n\n<\/form>\n<\/div>\n\n\n\n<p class=\"has-vivid-red-color has-text-color\">ACHTUNG!! Wir haben nur 20 Gl\u00e4ser pro Sorte !<br>FIRST COME FIRST SERVE<\/p>\n\n\n\n<p><\/p>\n","protected":false},"excerpt":{"rendered":"<p>Fr\u00fchlingshonig: cremig und leicht kristallin Sommerhonig: goldbraun und visk\u00f6s Lecker sind beide !! ACHTUNG!! Wir haben nur 20 Gl\u00e4ser pro Sorte !FIRST COME FIRST SERVE<\/p>\n","protected":false},"author":1,"featured_media":0,"parent":0,"menu_order":0,"comment_status":"closed","ping_status":"closed","template":"","meta":{"footnotes":""},"class_list":["post-2","page","type-page","status-publish","hentry"],"_links":{"self":[{"href":"https:\/\/honig.hornemann.ch\/index.php?rest_route=\/wp\/v2\/pages\/2","targetHints":{"allow":["GET"]}}],"collection":[{"href":"https:\/\/honig.hornemann.ch\/index.php?rest_route=\/wp\/v2\/pages"}],"about":[{"href":"https:\/\/honig.hornemann.ch\/index.php?rest_route=\/wp\/v2\/types\/page"}],"author":[{"embeddable":true,"href":"https:\/\/honig.hornemann.ch\/index.php?rest_route=\/wp\/v2\/users\/1"}],"replies":[{"embeddable":true,"href":"https:\/\/honig.hornemann.ch\/index.php?rest_route=%2Fwp%2Fv2%2Fcomments&post=2"}],"version-history":[{"count":17,"href":"https:\/\/honig.hornemann.ch\/index.php?rest_route=\/wp\/v2\/pages\/2\/revisions"}],"predecessor-version":[{"id":68,"href":"https:\/\/honig.hornemann.ch\/index.php?rest_route=\/wp\/v2\/pages\/2\/revisions\/68"}],"wp:attachment":[{"href":"https:\/\/honig.hornemann.ch\/index.php?rest_route=%2Fwp%2Fv2%2Fmedia&parent=2"}],"curies":[{"name":"wp","href":"https:\/\/api.w.org\/{rel}","templated":true}]}}